{"id":3152,"date":"2024-01-05T10:06:20","date_gmt":"2024-01-05T09:06:20","guid":{"rendered":"https:\/\/osteozenia.es\/?page_id=3152"},"modified":"2024-01-05T10:13:55","modified_gmt":"2024-01-05T09:13:55","slug":"our-clinic","status":"publish","type":"page","link":"https:\/\/osteozenia.es\/en\/our-clinic\/","title":{"rendered":"Our clinic"},"content":{"rendered":"","protected":false},"excerpt":{"rendered":"","protected":false},"author":6,"featured_media":216,"parent":0,"menu_order":0,"comment_status":"open","ping_status":"closed","template":"","meta":{"footnotes":""},"class_list":["post-3152","page","type-page","status-publish","has-post-thumbnail","hentry"],"yoast_head":"<!-- This site is optimized with the Yoast SEO plugin v23.5 - https:\/\/yoast.com\/wordpress\/plugins\/seo\/ -->\n<title>Our clinic - Cl\u00ednica Osteopat\u00eda La Zenia<\/title>\n<meta name=\"description\" content=\"Cl\u00ednica Osteozenia is located in La Zenia (Orihuela Costa), just 15 minutes walk from the beach and 5 minutes from the shopping centre.\" \/>\n<meta name=\"robots\" content=\"index, follow, max-snippet:-1, max-image-preview:large, max-video-preview:-1\" \/>\n<link rel=\"canonical\" href=\"https:\/\/osteozenia.es\/en\/our-clinic\/\" \/>\n<meta property=\"og:locale\" content=\"en_US\" \/>\n<meta property=\"og:type\" content=\"article\" \/>\n<meta property=\"og:title\" content=\"Our clinic - Cl\u00ednica Osteopat\u00eda La Zenia\" \/>\n<meta property=\"og:description\" content=\"Cl\u00ednica Osteozenia is located in La Zenia (Orihuela Costa), just 15 minutes walk from the beach and 5 minutes from the shopping centre.\" \/>\n<meta property=\"og:url\" content=\"https:\/\/osteozenia.es\/en\/our-clinic\/\" \/>\n<meta property=\"og:site_name\" content=\"Cl\u00ednica Osteopat\u00eda La Zenia\" \/>\n<meta property=\"article:modified_time\" content=\"2024-01-05T09:13:55+00:00\" \/>\n<meta name=\"twitter:card\" content=\"summary_large_image\" \/>\n<meta name=\"twitter:image\" content=\"https:\/\/osteozenia.es\/wp-content\/uploads\/2019\/09\/spa4-wellness-subheader.jpg\" \/>\n<script type=\"application\/ld+json\" class=\"yoast-schema-graph\">{\"@context\":\"https:\/\/schema.org\",\"@graph\":[{\"@type\":\"WebPage\",\"@id\":\"https:\/\/osteozenia.es\/en\/our-clinic\/\",\"url\":\"https:\/\/osteozenia.es\/en\/our-clinic\/\",\"name\":\"Our clinic - Cl\u00ednica Osteopat\u00eda La Zenia\",\"isPartOf\":{\"@id\":\"https:\/\/osteozenia.es\/#website\"},\"primaryImageOfPage\":{\"@id\":\"https:\/\/osteozenia.es\/en\/our-clinic\/#primaryimage\"},\"image\":{\"@id\":\"https:\/\/osteozenia.es\/en\/our-clinic\/#primaryimage\"},\"thumbnailUrl\":\"https:\/\/osteozenia.es\/wp-content\/uploads\/2019\/09\/spa4-wellness-subheader.jpg\",\"datePublished\":\"2024-01-05T09:06:20+00:00\",\"dateModified\":\"2024-01-05T09:13:55+00:00\",\"description\":\"Cl\u00ednica Osteozenia is located in La Zenia (Orihuela Costa), just 15 minutes walk from the beach and 5 minutes from the shopping centre.\",\"breadcrumb\":{\"@id\":\"https:\/\/osteozenia.es\/en\/our-clinic\/#breadcrumb\"},\"inLanguage\":\"en-US\",\"potentialAction\":[{\"@type\":\"ReadAction\",\"target\":[\"https:\/\/osteozenia.es\/en\/our-clinic\/\"]}]},{\"@type\":\"ImageObject\",\"inLanguage\":\"en-US\",\"@id\":\"https:\/\/osteozenia.es\/en\/our-clinic\/#primaryimage\",\"url\":\"https:\/\/osteozenia.es\/wp-content\/uploads\/2019\/09\/spa4-wellness-subheader.jpg\",\"contentUrl\":\"https:\/\/osteozenia.es\/wp-content\/uploads\/2019\/09\/spa4-wellness-subheader.jpg\"},{\"@type\":\"BreadcrumbList\",\"@id\":\"https:\/\/osteozenia.es\/en\/our-clinic\/#breadcrumb\",\"itemListElement\":[{\"@type\":\"ListItem\",\"position\":1,\"name\":\"Portada\",\"item\":\"https:\/\/osteozenia.es\/\"},{\"@type\":\"ListItem\",\"position\":2,\"name\":\"Our clinic\"}]},{\"@type\":\"WebSite\",\"@id\":\"https:\/\/osteozenia.es\/#website\",\"url\":\"https:\/\/osteozenia.es\/\",\"name\":\"Cl\u00ednica Osteopat\u00eda La Zenia\",\"description\":\"Osteozenia\",\"publisher\":{\"@id\":\"https:\/\/osteozenia.es\/#organization\"},\"potentialAction\":[{\"@type\":\"SearchAction\",\"target\":{\"@type\":\"EntryPoint\",\"urlTemplate\":\"https:\/\/osteozenia.es\/?s={search_term_string}\"},\"query-input\":{\"@type\":\"PropertyValueSpecification\",\"valueRequired\":true,\"valueName\":\"search_term_string\"}}],\"inLanguage\":\"en-US\"},{\"@type\":\"Organization\",\"@id\":\"https:\/\/osteozenia.es\/#organization\",\"name\":\"Cl\u00ednica Osteopat\u00eda La Zenia\",\"url\":\"https:\/\/osteozenia.es\/\",\"logo\":{\"@type\":\"ImageObject\",\"inLanguage\":\"en-US\",\"@id\":\"https:\/\/osteozenia.es\/#\/schema\/logo\/image\/\",\"url\":\"https:\/\/osteozenia.es\/wp-content\/uploads\/2023\/05\/cropped-isotipo-marron.png\",\"contentUrl\":\"https:\/\/osteozenia.es\/wp-content\/uploads\/2023\/05\/cropped-isotipo-marron.png\",\"width\":551,\"height\":549,\"caption\":\"Cl\u00ednica Osteopat\u00eda La Zenia\"},\"image\":{\"@id\":\"https:\/\/osteozenia.es\/#\/schema\/logo\/image\/\"}}]}<\/script>\n<!-- \/ Yoast SEO plugin. -->","yoast_head_json":{"title":"Our clinic - Cl\u00ednica Osteopat\u00eda La Zenia","description":"Cl\u00ednica Osteozenia is located in La Zenia (Orihuela Costa), just 15 minutes walk from the beach and 5 minutes from the shopping centre.","robots":{"index":"index","follow":"follow","max-snippet":"max-snippet:-1","max-image-preview":"max-image-preview:large","max-video-preview":"max-video-preview:-1"},"canonical":"https:\/\/osteozenia.es\/en\/our-clinic\/","og_locale":"en_US","og_type":"article","og_title":"Our clinic - Cl\u00ednica Osteopat\u00eda La Zenia","og_description":"Cl\u00ednica Osteozenia is located in La Zenia (Orihuela Costa), just 15 minutes walk from the beach and 5 minutes from the shopping centre.","og_url":"https:\/\/osteozenia.es\/en\/our-clinic\/","og_site_name":"Cl\u00ednica Osteopat\u00eda La Zenia","article_modified_time":"2024-01-05T09:13:55+00:00","twitter_card":"summary_large_image","twitter_image":"https:\/\/osteozenia.es\/wp-content\/uploads\/2019\/09\/spa4-wellness-subheader.jpg","schema":{"@context":"https:\/\/schema.org","@graph":[{"@type":"WebPage","@id":"https:\/\/osteozenia.es\/en\/our-clinic\/","url":"https:\/\/osteozenia.es\/en\/our-clinic\/","name":"Our clinic - Cl\u00ednica Osteopat\u00eda La Zenia","isPartOf":{"@id":"https:\/\/osteozenia.es\/#website"},"primaryImageOfPage":{"@id":"https:\/\/osteozenia.es\/en\/our-clinic\/#primaryimage"},"image":{"@id":"https:\/\/osteozenia.es\/en\/our-clinic\/#primaryimage"},"thumbnailUrl":"https:\/\/osteozenia.es\/wp-content\/uploads\/2019\/09\/spa4-wellness-subheader.jpg","datePublished":"2024-01-05T09:06:20+00:00","dateModified":"2024-01-05T09:13:55+00:00","description":"Cl\u00ednica Osteozenia is located in La Zenia (Orihuela Costa), just 15 minutes walk from the beach and 5 minutes from the shopping centre.","breadcrumb":{"@id":"https:\/\/osteozenia.es\/en\/our-clinic\/#breadcrumb"},"inLanguage":"en-US","potentialAction":[{"@type":"ReadAction","target":["https:\/\/osteozenia.es\/en\/our-clinic\/"]}]},{"@type":"ImageObject","inLanguage":"en-US","@id":"https:\/\/osteozenia.es\/en\/our-clinic\/#primaryimage","url":"https:\/\/osteozenia.es\/wp-content\/uploads\/2019\/09\/spa4-wellness-subheader.jpg","contentUrl":"https:\/\/osteozenia.es\/wp-content\/uploads\/2019\/09\/spa4-wellness-subheader.jpg"},{"@type":"BreadcrumbList","@id":"https:\/\/osteozenia.es\/en\/our-clinic\/#breadcrumb","itemListElement":[{"@type":"ListItem","position":1,"name":"Portada","item":"https:\/\/osteozenia.es\/"},{"@type":"ListItem","position":2,"name":"Our clinic"}]},{"@type":"WebSite","@id":"https:\/\/osteozenia.es\/#website","url":"https:\/\/osteozenia.es\/","name":"Cl\u00ednica Osteopat\u00eda La Zenia","description":"Osteozenia","publisher":{"@id":"https:\/\/osteozenia.es\/#organization"},"potentialAction":[{"@type":"SearchAction","target":{"@type":"EntryPoint","urlTemplate":"https:\/\/osteozenia.es\/?s={search_term_string}"},"query-input":{"@type":"PropertyValueSpecification","valueRequired":true,"valueName":"search_term_string"}}],"inLanguage":"en-US"},{"@type":"Organization","@id":"https:\/\/osteozenia.es\/#organization","name":"Cl\u00ednica Osteopat\u00eda La Zenia","url":"https:\/\/osteozenia.es\/","logo":{"@type":"ImageObject","inLanguage":"en-US","@id":"https:\/\/osteozenia.es\/#\/schema\/logo\/image\/","url":"https:\/\/osteozenia.es\/wp-content\/uploads\/2023\/05\/cropped-isotipo-marron.png","contentUrl":"https:\/\/osteozenia.es\/wp-content\/uploads\/2023\/05\/cropped-isotipo-marron.png","width":551,"height":549,"caption":"Cl\u00ednica Osteopat\u00eda La Zenia"},"image":{"@id":"https:\/\/osteozenia.es\/#\/schema\/logo\/image\/"}}]}},"_links":{"self":[{"href":"https:\/\/osteozenia.es\/en\/wp-json\/wp\/v2\/pages\/3152"}],"collection":[{"href":"https:\/\/osteozenia.es\/en\/wp-json\/wp\/v2\/pages"}],"about":[{"href":"https:\/\/osteozenia.es\/en\/wp-json\/wp\/v2\/types\/page"}],"author":[{"embeddable":true,"href":"https:\/\/osteozenia.es\/en\/wp-json\/wp\/v2\/users\/6"}],"replies":[{"embeddable":true,"href":"https:\/\/osteozenia.es\/en\/wp-json\/wp\/v2\/comments?post=3152"}],"version-history":[{"count":1,"href":"https:\/\/osteozenia.es\/en\/wp-json\/wp\/v2\/pages\/3152\/revisions"}],"predecessor-version":[{"id":3161,"href":"https:\/\/osteozenia.es\/en\/wp-json\/wp\/v2\/pages\/3152\/revisions\/3161"}],"wp:featuredmedia":[{"embeddable":true,"href":"https:\/\/osteozenia.es\/en\/wp-json\/wp\/v2\/media\/216"}],"wp:attachment":[{"href":"https:\/\/osteozenia.es\/en\/wp-json\/wp\/v2\/media?parent=3152"}],"curies":[{"name":"wp","href":"https:\/\/api.w.org\/{rel}","templated":true}]}}